{"id":1304,"date":"2018-08-28T10:31:28","date_gmt":"2018-08-28T08:31:28","guid":{"rendered":"https:\/\/coversetlocations.com\/\/politica-de-cookies\/"},"modified":"2018-10-23T16:27:05","modified_gmt":"2018-10-23T14:27:05","slug":"cookies-policy","status":"publish","type":"page","link":"https:\/\/coversetlocations.com\/en\/cookies-policy\/","title":{"rendered":"Cookies policy"},"content":{"rendered":"\t\t<div data-elementor-type=\"wp-post\" data-elementor-id=\"1304\" class=\"elementor elementor-1304 elementor-262 elementor-bc-flex-widget\" data-elementor-post-type=\"page\">\n\t\t\t\t\t\t<section class=\"elementor-section elementor-top-section elementor-element elementor-element-c96f546 elementor-section-boxed elementor-section-height-default elementor-section-height-default\" data-id=\"c96f546\" data-element_type=\"section\" data-e-type=\"section\">\n\t\t\t\t\t\t<div class=\"elementor-container elementor-column-gap-default\">\n\t\t\t\t\t<div class=\"elementor-column elementor-col-100 elementor-top-column elementor-element elementor-element-e976616\" data-id=\"e976616\" data-element_type=\"column\" data-e-type=\"column\">\n\t\t\t<div class=\"elementor-widget-wrap elementor-element-populated\">\n\t\t\t\t\t\t<div class=\"elementor-element elementor-element-ea07379 elementor-widget elementor-widget-heading\" data-id=\"ea07379\" data-element_type=\"widget\" data-e-type=\"widget\" data-widget_type=\"heading.default\">\n\t\t\t\t<div class=\"elementor-widget-container\">\n\t\t\t\t\t<h1 class=\"elementor-heading-title elementor-size-default\">POL\u00cdTICA DE COOKIES<\/h1>\t\t\t\t<\/div>\n\t\t\t\t<\/div>\n\t\t\t\t<div class=\"elementor-element elementor-element-371b7cb elementor-widget elementor-widget-heading\" data-id=\"371b7cb\" data-element_type=\"widget\" data-e-type=\"widget\" data-widget_type=\"heading.default\">\n\t\t\t\t<div class=\"elementor-widget-container\">\n\t\t\t\t\t<h2 class=\"elementor-heading-title elementor-size-default\">Coverset Locations<\/h2>\t\t\t\t<\/div>\n\t\t\t\t<\/div>\n\t\t\t\t<div class=\"elementor-element elementor-element-e793fce elementor-widget elementor-widget-text-editor\" data-id=\"e793fce\" data-element_type=\"widget\" data-e-type=\"widget\" data-widget_type=\"text-editor.default\">\n\t\t\t\t<div class=\"elementor-widget-container\">\n\t\t\t\t\t\t\t\t\t<p>Nuestra p\u00e1gina web utiliza cookies para analizar la navegaci\u00f3n de usuarios. Las cookies son unos archivos que se instalan en el equipo desde el que accedes a nuestra web con las finalidades que se describen en esta p\u00e1gina.<\/p><p>La aplicaci\u00f3n que utilizamos para obtener y analizar la informaci\u00f3n de la navegaci\u00f3n es:Google Analytics:\u00a0<a href=\"http:\/\/www.google.com\/analytics\/\" target=\"_blank\" rel=\"noopener\">www.google.com\/analytics\/<\/a>\u00a0y\u00a0<a href=\"http:\/\/www.google.es\/intl\/es\/policies\/privacy\/\" target=\"_blank\" rel=\"noopener\">http:\/\/www.google.es\/intl\/es\/policies\/privacy\/<\/a><\/p><p>Esta aplicaci\u00f3n ha sido desarrollada por Google, que nos presta el servicio de an\u00e1lisis de la audiencia de nuestra p\u00e1gina. Esta empresa puede utilizar estos datos para mejorar sus propios servicios y para ofrecer servicios a otras empresas. Puedes conocer esos otros usos desde los enlaces indicados.<\/p><p>Esta herramienta no obtiene datos de los nombres o apellidos de los usuarios ni de la direcci\u00f3n postal desde donde se conectan. La informaci\u00f3n que obtiene esta relacionada por ejemplo con el n\u00famero de p\u00e1ginas visitas, el idioma, red social en la que se publican nuestras noticias, la ciudad a la que est\u00e1 asignada la direcci\u00f3n IP desde la que acceden los usuarios, el n\u00famero de usuarios que nos visitan, la frecuencia y reincidencia de las visitas, el tiempo de visita, el navegador que usan, el operador o tipo de terminal desde el que se realiza la visita.<\/p><p>Esta informaci\u00f3n la utilizamos para mejorar nuestra p\u00e1gina, detectar nuevas necesidades y valorar las mejoras a introducir con la finalidad de prestar un mejor servicio a los usuarios que nos visitan.<\/p><p>Para permitir, conocer, bloquear o eliminar las cookies instaladas en tu equipo puedes hacerlo mediante la configuraci\u00f3n de las opciones del navegador instalado en su ordenador.<\/p><p>Por ejemplo puedes encontrar informaci\u00f3n sobre c\u00f3mo hacerlo en el caso que uses como navegador:<\/p><p>Firefox desde aqu\u00ed:\u00a0<a href=\"https:\/\/support.mozilla.org\/es\/kb\/Borrar%20cookies\" target=\"_blank\" rel=\"noopener\">https:\/\/support.mozilla.org\/es\/kb\/Borrar%20cookies<\/a><br \/>Chrome desde aqu\u00ed:\u00a0<a href=\"https:\/\/support.google.com\/chrome\/answer\/95582\" target=\"_blank\" rel=\"noopener\">https:\/\/support.google.com\/chrome\/answer\/95582<\/a><br \/>Explorer desde aqu\u00ed:\u00a0<a href=\"http:\/\/windows.microsoft.com\/es-es\/windows7\/how-to-manage-cookies-in-internet-explorer-9\" target=\"_blank\" rel=\"noopener\">http:\/\/windows.microsoft.com\/es-es\/windows7\/how-to-manage-cookies-in-internet-explorer-9<\/a><br \/>Safari desde aqu\u00ed:\u00a0<a href=\"http:\/\/support.apple.com\/kb\/ph5042\" target=\"_blank\" rel=\"noopener\">http:\/\/support.apple.com\/kb\/ph5042<\/a><br \/>Opera desde aqu\u00ed:\u00a0<a style=\"background-color: #ffffff;\" href=\"http:\/\/help.opera.com\/Windows\/11.50\/es-ES\/cookies.html\" target=\"_blank\" rel=\"noopener\">http:\/\/help.opera.com\/Windows\/11.50\/es-ES\/cookies.html<\/a><\/p>\t\t\t\t\t\t\t\t<\/div>\n\t\t\t\t<\/div>\n\t\t\t\t\t<\/div>\n\t\t<\/div>\n\t\t\t\t\t<\/div>\n\t\t<\/section>\n\t\t\t\t<\/div>\n\t\t","protected":false},"excerpt":{"rendered":"<p>POL\u00cdTICA DE COOKIES Coverset Locations Nuestra p\u00e1gina web utiliza cookies para analizar la navegaci\u00f3n de usuarios. Las cookies son unos archivos que se instalan en el equipo desde el que accedes a nuestra web con las finalidades que se describen en esta p\u00e1gina. La aplicaci\u00f3n que utilizamos para obtener y analizar la informaci\u00f3n de la &#8230; <a title=\"Cookies policy\" class=\"read-more\" href=\"https:\/\/coversetlocations.com\/en\/cookies-policy\/\" aria-label=\"Read more about Cookies policy\">Read more<\/a><\/p>\n","protected":false},"author":1,"featured_media":0,"parent":0,"menu_order":0,"comment_status":"closed","ping_status":"closed","template":"elementor_header_footer","meta":{"_exactmetrics_skip_tracking":false,"_exactmetrics_sitenote_active":false,"_exactmetrics_sitenote_note":"","_exactmetrics_sitenote_category":0,"footnotes":""},"class_list":["post-1304","page","type-page","status-publish"],"yoast_head":"<!-- This site is optimized with the Yoast SEO plugin v27.4 - https:\/\/yoast.com\/product\/yoast-seo-wordpress\/ -->\n<title>Cookies policy - Coverset Locations<\/title>\n<meta name=\"robots\" content=\"noindex, follow\" \/>\n<meta property=\"og:locale\" content=\"en_US\" \/>\n<meta property=\"og:type\" content=\"article\" \/>\n<meta property=\"og:title\" content=\"Cookies policy - Coverset Locations\" \/>\n<meta property=\"og:description\" content=\"POL\u00cdTICA DE COOKIES Coverset Locations Nuestra p\u00e1gina web utiliza cookies para analizar la navegaci\u00f3n de usuarios. Las cookies son unos archivos que se instalan en el equipo desde el que accedes a nuestra web con las finalidades que se describen en esta p\u00e1gina. La aplicaci\u00f3n que utilizamos para obtener y analizar la informaci\u00f3n de la ... Read more\" \/>\n<meta property=\"og:url\" content=\"https:\/\/coversetlocations.com\/en\/cookies-policy\/\" \/>\n<meta property=\"og:site_name\" content=\"Coverset Locations\" \/>\n<meta property=\"article:modified_time\" content=\"2018-10-23T14:27:05+00:00\" \/>\n<meta name=\"twitter:card\" content=\"summary_large_image\" \/>\n<meta name=\"twitter:label1\" content=\"Est. reading time\" \/>\n\t<meta name=\"twitter:data1\" content=\"2 minutes\" \/>\n<script type=\"application\/ld+json\" class=\"yoast-schema-graph\">{\"@context\":\"https:\\\/\\\/schema.org\",\"@graph\":[{\"@type\":\"WebPage\",\"@id\":\"https:\\\/\\\/coversetlocations.com\\\/en\\\/cookies-policy\\\/\",\"url\":\"https:\\\/\\\/coversetlocations.com\\\/en\\\/cookies-policy\\\/\",\"name\":\"Cookies policy - Coverset Locations\",\"isPartOf\":{\"@id\":\"https:\\\/\\\/coversetlocations.com\\\/#website\"},\"datePublished\":\"2018-08-28T08:31:28+00:00\",\"dateModified\":\"2018-10-23T14:27:05+00:00\",\"breadcrumb\":{\"@id\":\"https:\\\/\\\/coversetlocations.com\\\/en\\\/cookies-policy\\\/#breadcrumb\"},\"inLanguage\":\"en-US\",\"potentialAction\":[{\"@type\":\"ReadAction\",\"target\":[\"https:\\\/\\\/coversetlocations.com\\\/en\\\/cookies-policy\\\/\"]}]},{\"@type\":\"BreadcrumbList\",\"@id\":\"https:\\\/\\\/coversetlocations.com\\\/en\\\/cookies-policy\\\/#breadcrumb\",\"itemListElement\":[{\"@type\":\"ListItem\",\"position\":1,\"name\":\"Inicio\",\"item\":\"https:\\\/\\\/coversetlocations.com\\\/en\\\/\"},{\"@type\":\"ListItem\",\"position\":2,\"name\":\"Cookies policy\"}]},{\"@type\":\"WebSite\",\"@id\":\"https:\\\/\\\/coversetlocations.com\\\/#website\",\"url\":\"https:\\\/\\\/coversetlocations.com\\\/\",\"name\":\"Coverset Locations\",\"description\":\"Cat\u00e1logo profesional de localizaciones\",\"publisher\":{\"@id\":\"https:\\\/\\\/coversetlocations.com\\\/#organization\"},\"potentialAction\":[{\"@type\":\"SearchAction\",\"target\":{\"@type\":\"EntryPoint\",\"urlTemplate\":\"https:\\\/\\\/coversetlocations.com\\\/?s={search_term_string}\"},\"query-input\":{\"@type\":\"PropertyValueSpecification\",\"valueRequired\":true,\"valueName\":\"search_term_string\"}}],\"inLanguage\":\"en-US\"},{\"@type\":\"Organization\",\"@id\":\"https:\\\/\\\/coversetlocations.com\\\/#organization\",\"name\":\"Coverset Locations\",\"url\":\"https:\\\/\\\/coversetlocations.com\\\/\",\"logo\":{\"@type\":\"ImageObject\",\"inLanguage\":\"en-US\",\"@id\":\"https:\\\/\\\/coversetlocations.com\\\/#\\\/schema\\\/logo\\\/image\\\/\",\"url\":\"https:\\\/\\\/coversetlocations.com\\\/wp-content\\\/uploads\\\/cropped-logo-coverset-blanco.png\",\"contentUrl\":\"https:\\\/\\\/coversetlocations.com\\\/wp-content\\\/uploads\\\/cropped-logo-coverset-blanco.png\",\"width\":841,\"height\":229,\"caption\":\"Coverset Locations\"},\"image\":{\"@id\":\"https:\\\/\\\/coversetlocations.com\\\/#\\\/schema\\\/logo\\\/image\\\/\"},\"sameAs\":[\"https:\\\/\\\/www.instagram.com\\\/coverset_locations\\\/\"]}]}<\/script>\n<!-- \/ Yoast SEO plugin. -->","yoast_head_json":{"title":"Cookies policy - Coverset Locations","robots":{"index":"noindex","follow":"follow"},"og_locale":"en_US","og_type":"article","og_title":"Cookies policy - Coverset Locations","og_description":"POL\u00cdTICA DE COOKIES Coverset Locations Nuestra p\u00e1gina web utiliza cookies para analizar la navegaci\u00f3n de usuarios. Las cookies son unos archivos que se instalan en el equipo desde el que accedes a nuestra web con las finalidades que se describen en esta p\u00e1gina. La aplicaci\u00f3n que utilizamos para obtener y analizar la informaci\u00f3n de la ... Read more","og_url":"https:\/\/coversetlocations.com\/en\/cookies-policy\/","og_site_name":"Coverset Locations","article_modified_time":"2018-10-23T14:27:05+00:00","twitter_card":"summary_large_image","twitter_misc":{"Est. reading time":"2 minutes"},"schema":{"@context":"https:\/\/schema.org","@graph":[{"@type":"WebPage","@id":"https:\/\/coversetlocations.com\/en\/cookies-policy\/","url":"https:\/\/coversetlocations.com\/en\/cookies-policy\/","name":"Cookies policy - Coverset Locations","isPartOf":{"@id":"https:\/\/coversetlocations.com\/#website"},"datePublished":"2018-08-28T08:31:28+00:00","dateModified":"2018-10-23T14:27:05+00:00","breadcrumb":{"@id":"https:\/\/coversetlocations.com\/en\/cookies-policy\/#breadcrumb"},"inLanguage":"en-US","potentialAction":[{"@type":"ReadAction","target":["https:\/\/coversetlocations.com\/en\/cookies-policy\/"]}]},{"@type":"BreadcrumbList","@id":"https:\/\/coversetlocations.com\/en\/cookies-policy\/#breadcrumb","itemListElement":[{"@type":"ListItem","position":1,"name":"Inicio","item":"https:\/\/coversetlocations.com\/en\/"},{"@type":"ListItem","position":2,"name":"Cookies policy"}]},{"@type":"WebSite","@id":"https:\/\/coversetlocations.com\/#website","url":"https:\/\/coversetlocations.com\/","name":"Coverset Locations","description":"Cat\u00e1logo profesional de localizaciones","publisher":{"@id":"https:\/\/coversetlocations.com\/#organization"},"potentialAction":[{"@type":"SearchAction","target":{"@type":"EntryPoint","urlTemplate":"https:\/\/coversetlocations.com\/?s={search_term_string}"},"query-input":{"@type":"PropertyValueSpecification","valueRequired":true,"valueName":"search_term_string"}}],"inLanguage":"en-US"},{"@type":"Organization","@id":"https:\/\/coversetlocations.com\/#organization","name":"Coverset Locations","url":"https:\/\/coversetlocations.com\/","logo":{"@type":"ImageObject","inLanguage":"en-US","@id":"https:\/\/coversetlocations.com\/#\/schema\/logo\/image\/","url":"https:\/\/coversetlocations.com\/wp-content\/uploads\/cropped-logo-coverset-blanco.png","contentUrl":"https:\/\/coversetlocations.com\/wp-content\/uploads\/cropped-logo-coverset-blanco.png","width":841,"height":229,"caption":"Coverset Locations"},"image":{"@id":"https:\/\/coversetlocations.com\/#\/schema\/logo\/image\/"},"sameAs":["https:\/\/www.instagram.com\/coverset_locations\/"]}]}},"_links":{"self":[{"href":"https:\/\/coversetlocations.com\/en\/wp-json\/wp\/v2\/pages\/1304","targetHints":{"allow":["GET"]}}],"collection":[{"href":"https:\/\/coversetlocations.com\/en\/wp-json\/wp\/v2\/pages"}],"about":[{"href":"https:\/\/coversetlocations.com\/en\/wp-json\/wp\/v2\/types\/page"}],"author":[{"embeddable":true,"href":"https:\/\/coversetlocations.com\/en\/wp-json\/wp\/v2\/users\/1"}],"replies":[{"embeddable":true,"href":"https:\/\/coversetlocations.com\/en\/wp-json\/wp\/v2\/comments?post=1304"}],"version-history":[{"count":0,"href":"https:\/\/coversetlocations.com\/en\/wp-json\/wp\/v2\/pages\/1304\/revisions"}],"wp:attachment":[{"href":"https:\/\/coversetlocations.com\/en\/wp-json\/wp\/v2\/media?parent=1304"}],"curies":[{"name":"wp","href":"https:\/\/api.w.org\/{rel}","templated":true}]}}